{"id":1538,"date":"2024-05-23T17:55:14","date_gmt":"2024-05-23T15:55:14","guid":{"rendered":"https:\/\/www.restaurantbarquet.com\/cistella\/"},"modified":"2026-03-10T17:09:32","modified_gmt":"2026-03-10T16:09:32","slug":"cistella","status":"publish","type":"page","link":"https:\/\/restaurantbarquet.com\/es\/cistella\/","title":{"rendered":"Cistella"},"content":{"rendered":"\n<div data-block-name=\"woocommerce\/cart\" class=\"wp-block-woocommerce-cart alignwide is-loading\">\n<div data-block-name=\"woocommerce\/filled-cart-block\" class=\"wp-block-woocommerce-filled-cart-block\">\n<div data-block-name=\"woocommerce\/cart-items-block\" class=\"wp-block-woocommerce-cart-items-block\">\n<div data-block-name=\"woocommerce\/cart-line-items-block\" class=\"wp-block-woocommerce-cart-line-items-block\"><\/div>\n\n\n\n<div data-block-name=\"woocommerce\/cart-cross-sells-block\" class=\"wp-block-woocommerce-cart-cross-sells-block\">\n<h2 class=\"wp-block-heading has-large-font-size\">Us pot interessar\u2026<\/h2>\n\n\n\n<div data-block-name=\"woocommerce\/cart-cross-sells-products-block\" class=\"wp-block-woocommerce-cart-cross-sells-products-block\"><\/div>\n<\/div>\n<\/div>\n\n\n\n<div data-block-name=\"woocommerce\/cart-totals-block\" class=\"wp-block-woocommerce-cart-totals-block\">\n<div data-block-name=\"woocommerce\/cart-order-summary-block\" class=\"wp-block-woocommerce-cart-order-summary-block\">\n<div data-block-name=\"woocommerce\/cart-order-summary-heading-block\" class=\"wp-block-woocommerce-cart-order-summary-heading-block\"><\/div><div data-block-name=\"woocommerce\/cart-order-summary-coupon-form-block\" class=\"wp-block-woocommerce-cart-order-summary-coupon-form-block\"><\/div><div data-block-name=\"woocommerce\/cart-order-summary-totals-block\" class=\"wp-block-woocommerce-cart-order-summary-totals-block\">\n<div data-block-name=\"woocommerce\/cart-order-summary-subtotal-block\" class=\"wp-block-woocommerce-cart-order-summary-subtotal-block\"><\/div>\n<div data-block-name=\"woocommerce\/cart-order-summary-discount-block\" class=\"wp-block-woocommerce-cart-order-summary-discount-block\"><\/div>\n<div data-block-name=\"woocommerce\/cart-order-summary-fee-block\" class=\"wp-block-woocommerce-cart-order-summary-fee-block\"><\/div>\n<div data-block-name=\"woocommerce\/cart-order-summary-shipping-block\" class=\"wp-block-woocommerce-cart-order-summary-shipping-block\"><\/div>\n<div data-block-name=\"woocommerce\/cart-order-summary-taxes-block\" class=\"wp-block-woocommerce-cart-order-summary-taxes-block\"><\/div><\/div>\n<\/div>\n\n\n\n<div data-block-name=\"woocommerce\/cart-express-payment-block\" class=\"wp-block-woocommerce-cart-express-payment-block\"><\/div>\n\n\n\n<div data-block-name=\"woocommerce\/proceed-to-checkout-block\" class=\"wp-block-woocommerce-proceed-to-checkout-block\"><\/div>\n\n\n\n<div data-block-name=\"woocommerce\/cart-accepted-payment-methods-block\" class=\"wp-block-woocommerce-cart-accepted-payment-methods-block\"><\/div>\n<\/div>\n<\/div>\n\n\n\n<div data-block-name=\"woocommerce\/empty-cart-block\" class=\"wp-block-woocommerce-empty-cart-block\">\n<h2 class=\"wp-block-heading has-text-align-center with-empty-cart-icon wc-block-cart__empty-cart__title\">La cistella est\u00e0 buida actualment!<\/h2>\n\n\n\n<hr class=\"wp-block-separator has-alpha-channel-opacity is-style-dots\"\/>\n\n\n\n<h2 class=\"wp-block-heading has-text-align-center\">Nou a la botiga<\/h2>\n\n\n<div data-block-name=\"woocommerce\/product-new\" data-columns=\"4\" data-rows=\"1\" class=\"wc-block-grid wp-block-product-new wp-block-woocommerce-product-new wc-block-product-new has-4-columns\"><ul class=\"wc-block-grid__products\"><li class=\"wc-block-grid__product\">\n\t\t\t\t<a href=\"https:\/\/restaurantbarquet.com\/es\/producte\/bombons-de-chartreuse-i-cafe\/\" class=\"wc-block-grid__product-link\">\n\t\t\t\t\t\n\t\t\t\t\t<div class=\"wc-block-grid__product-image\"><img loading=\"lazy\" decoding=\"async\" width=\"300\" height=\"300\" src=\"https:\/\/restaurantbarquet.com\/wp-content\/uploads\/2025\/02\/bombons-barquet-restaurant-300x300.jpeg\" class=\"attachment-woocommerce_thumbnail size-woocommerce_thumbnail\" alt=\"Bombons de chartreuse i caf\u00e8\" srcset=\"https:\/\/restaurantbarquet.com\/wp-content\/uploads\/2025\/02\/bombons-barquet-restaurant-300x300.jpeg 300w, https:\/\/restaurantbarquet.com\/wp-content\/uploads\/2025\/02\/bombons-barquet-restaurant-80x80.jpeg 80w, https:\/\/restaurantbarquet.com\/wp-content\/uploads\/2025\/02\/bombons-barquet-restaurant-36x36.jpeg 36w, https:\/\/restaurantbarquet.com\/wp-content\/uploads\/2025\/02\/bombons-barquet-restaurant-180x180.jpeg 180w, https:\/\/restaurantbarquet.com\/wp-content\/uploads\/2025\/02\/bombons-barquet-restaurant-120x120.jpeg 120w, https:\/\/restaurantbarquet.com\/wp-content\/uploads\/2025\/02\/bombons-barquet-restaurant-450x450.jpeg 450w, https:\/\/restaurantbarquet.com\/wp-content\/uploads\/2025\/02\/bombons-barquet-restaurant-100x100.jpeg 100w\" sizes=\"auto, (max-width: 300px) 100vw, 300px\" \/><\/div>\n\t\t\t\t\t<div class=\"wc-block-grid__product-title\">Bombons de chartreuse i caf\u00e8<\/div>\n\t\t\t\t<\/a>\n\t\t\t\t<div class=\"wc-block-grid__product-price price\"><span class=\"woocommerce-Price-amount amount\">10,00&nbsp;<span class=\"woocommerce-Price-currencySymbol\">&euro;<\/span><\/span><\/div>\n\t\t\t\t\n\t\t\t\t<div class=\"wp-block-button wc-block-grid__product-add-to-cart\"><a href=\"\/es\/wp-json\/wp\/v2\/pages\/1538?add-to-cart=1806\" aria-label=\"A\u00f1adir al carrito: &ldquo;Bombons de chartreuse i caf\u00e8&rdquo;\" data-quantity=\"1\" data-product_id=\"1806\" data-product_sku=\"Bonbons\" data-price=\"10\" rel=\"nofollow\" class=\"wp-block-button__link  add_to_cart_button ajax_add_to_cart\">A\u00f1adir al carrito<\/a><\/div>\n\t\t\t<\/li><li class=\"wc-block-grid__product\">\n\t\t\t\t<a href=\"https:\/\/restaurantbarquet.com\/es\/producte\/targeta-regal-barquet-150\/\" class=\"wc-block-grid__product-link\">\n\t\t\t\t\t\n\t\t\t\t\t<div class=\"wc-block-grid__product-image\"><img loading=\"lazy\" decoding=\"async\" width=\"300\" height=\"300\" src=\"https:\/\/restaurantbarquet.com\/wp-content\/uploads\/2025\/02\/xec-regal-150-300x300.jpeg\" class=\"attachment-woocommerce_thumbnail size-woocommerce_thumbnail\" alt=\"Targeta regal Barquet 150\" srcset=\"https:\/\/restaurantbarquet.com\/wp-content\/uploads\/2025\/02\/xec-regal-150-300x300.jpeg 300w, https:\/\/restaurantbarquet.com\/wp-content\/uploads\/2025\/02\/xec-regal-150-80x80.jpeg 80w, https:\/\/restaurantbarquet.com\/wp-content\/uploads\/2025\/02\/xec-regal-150-768x768.jpeg 768w, https:\/\/restaurantbarquet.com\/wp-content\/uploads\/2025\/02\/xec-regal-150-36x36.jpeg 36w, https:\/\/restaurantbarquet.com\/wp-content\/uploads\/2025\/02\/xec-regal-150-180x180.jpeg 180w, https:\/\/restaurantbarquet.com\/wp-content\/uploads\/2025\/02\/xec-regal-150-705x705.jpeg 705w, https:\/\/restaurantbarquet.com\/wp-content\/uploads\/2025\/02\/xec-regal-150-120x120.jpeg 120w, https:\/\/restaurantbarquet.com\/wp-content\/uploads\/2025\/02\/xec-regal-150-450x450.jpeg 450w, https:\/\/restaurantbarquet.com\/wp-content\/uploads\/2025\/02\/xec-regal-150-600x600.jpeg 600w, https:\/\/restaurantbarquet.com\/wp-content\/uploads\/2025\/02\/xec-regal-150-100x100.jpeg 100w, https:\/\/restaurantbarquet.com\/wp-content\/uploads\/2025\/02\/xec-regal-150.jpeg 1024w\" sizes=\"auto, (max-width: 300px) 100vw, 300px\" \/><\/div>\n\t\t\t\t\t<div class=\"wc-block-grid__product-title\">Targeta regal Barquet 150<\/div>\n\t\t\t\t<\/a>\n\t\t\t\t<div class=\"wc-block-grid__product-price price\"><span class=\"woocommerce-Price-amount amount\">150,00&nbsp;<span class=\"woocommerce-Price-currencySymbol\">&euro;<\/span><\/span><\/div>\n\t\t\t\t\n\t\t\t\t<div class=\"wp-block-button wc-block-grid__product-add-to-cart\"><a href=\"\/es\/wp-json\/wp\/v2\/pages\/1538?add-to-cart=1800\" aria-label=\"A\u00f1adir al carrito: &ldquo;Targeta regal Barquet 150&rdquo;\" data-quantity=\"1\" data-product_id=\"1800\" data-product_sku=\"VALE_REG_150\" data-price=\"150\" rel=\"nofollow\" class=\"wp-block-button__link  add_to_cart_button ajax_add_to_cart\">A\u00f1adir al carrito<\/a><\/div>\n\t\t\t<\/li><li class=\"wc-block-grid__product\">\n\t\t\t\t<a href=\"https:\/\/restaurantbarquet.com\/es\/producte\/tela-marinera-david-sole-pep-escoda-joan-roca\/\" class=\"wc-block-grid__product-link\">\n\t\t\t\t\t\n\t\t\t\t\t<div class=\"wc-block-grid__product-image\"><img loading=\"lazy\" decoding=\"async\" width=\"300\" height=\"300\" src=\"https:\/\/restaurantbarquet.com\/wp-content\/uploads\/2024\/11\/llibre-tela-marinera-de-la-mara-la-nostra-cuina-300x300.jpg\" class=\"attachment-woocommerce_thumbnail size-woocommerce_thumbnail\" alt=\"Tela marinera | David Sol\u00e9 - Pep Escoda - Joan Roca\" srcset=\"https:\/\/restaurantbarquet.com\/wp-content\/uploads\/2024\/11\/llibre-tela-marinera-de-la-mara-la-nostra-cuina-300x300.jpg 300w, https:\/\/restaurantbarquet.com\/wp-content\/uploads\/2024\/11\/llibre-tela-marinera-de-la-mara-la-nostra-cuina-100x100.jpg 100w, https:\/\/restaurantbarquet.com\/wp-content\/uploads\/2024\/11\/llibre-tela-marinera-de-la-mara-la-nostra-cuina-600x600.jpg 600w, https:\/\/restaurantbarquet.com\/wp-content\/uploads\/2024\/11\/llibre-tela-marinera-de-la-mara-la-nostra-cuina-80x80.jpg 80w, https:\/\/restaurantbarquet.com\/wp-content\/uploads\/2024\/11\/llibre-tela-marinera-de-la-mara-la-nostra-cuina-768x768.jpg 768w, https:\/\/restaurantbarquet.com\/wp-content\/uploads\/2024\/11\/llibre-tela-marinera-de-la-mara-la-nostra-cuina-36x36.jpg 36w, https:\/\/restaurantbarquet.com\/wp-content\/uploads\/2024\/11\/llibre-tela-marinera-de-la-mara-la-nostra-cuina-180x180.jpg 180w, https:\/\/restaurantbarquet.com\/wp-content\/uploads\/2024\/11\/llibre-tela-marinera-de-la-mara-la-nostra-cuina-705x705.jpg 705w, https:\/\/restaurantbarquet.com\/wp-content\/uploads\/2024\/11\/llibre-tela-marinera-de-la-mara-la-nostra-cuina-120x120.jpg 120w, https:\/\/restaurantbarquet.com\/wp-content\/uploads\/2024\/11\/llibre-tela-marinera-de-la-mara-la-nostra-cuina-450x450.jpg 450w, https:\/\/restaurantbarquet.com\/wp-content\/uploads\/2024\/11\/llibre-tela-marinera-de-la-mara-la-nostra-cuina.jpg 1024w\" sizes=\"auto, (max-width: 300px) 100vw, 300px\" \/><\/div>\n\t\t\t\t\t<div class=\"wc-block-grid__product-title\">Tela marinera | David Sol\u00e9 &#8211; Pep Escoda &#8211; Joan Roca<\/div>\n\t\t\t\t<\/a>\n\t\t\t\t<div class=\"wc-block-grid__product-price price\"><span class=\"woocommerce-Price-amount amount\">20,00&nbsp;<span class=\"woocommerce-Price-currencySymbol\">&euro;<\/span><\/span><\/div>\n\t\t\t\t\n\t\t\t\t<div class=\"wp-block-button wc-block-grid__product-add-to-cart\"><a href=\"\/es\/wp-json\/wp\/v2\/pages\/1538?add-to-cart=1713\" aria-label=\"A\u00f1adir al carrito: &ldquo;Tela marinera | David Sol\u00e9 - Pep Escoda - Joan Roca&rdquo;\" data-quantity=\"1\" data-product_id=\"1713\" data-product_sku=\"978-84-94240-34-8\" data-price=\"20\" rel=\"nofollow\" class=\"wp-block-button__link  add_to_cart_button ajax_add_to_cart\">A\u00f1adir al carrito<\/a><\/div>\n\t\t\t<\/li><li class=\"wc-block-grid__product\">\n\t\t\t\t<a href=\"https:\/\/restaurantbarquet.com\/es\/producte\/la-cuina-del-chartreuse-david-sole-i-torne\/\" class=\"wc-block-grid__product-link\">\n\t\t\t\t\t\n\t\t\t\t\t<div class=\"wc-block-grid__product-image\"><img loading=\"lazy\" decoding=\"async\" width=\"300\" height=\"300\" src=\"https:\/\/restaurantbarquet.com\/wp-content\/uploads\/2024\/11\/llibre-la-cuina-del-chartreuse-300x300.jpg\" class=\"attachment-woocommerce_thumbnail size-woocommerce_thumbnail\" alt=\"La cuina del Chartreuse | David Sol\u00e9 i Torn\u00e9\" srcset=\"https:\/\/restaurantbarquet.com\/wp-content\/uploads\/2024\/11\/llibre-la-cuina-del-chartreuse-300x300.jpg 300w, https:\/\/restaurantbarquet.com\/wp-content\/uploads\/2024\/11\/llibre-la-cuina-del-chartreuse-100x100.jpg 100w, https:\/\/restaurantbarquet.com\/wp-content\/uploads\/2024\/11\/llibre-la-cuina-del-chartreuse-600x600.jpg 600w, https:\/\/restaurantbarquet.com\/wp-content\/uploads\/2024\/11\/llibre-la-cuina-del-chartreuse-80x80.jpg 80w, https:\/\/restaurantbarquet.com\/wp-content\/uploads\/2024\/11\/llibre-la-cuina-del-chartreuse-768x768.jpg 768w, https:\/\/restaurantbarquet.com\/wp-content\/uploads\/2024\/11\/llibre-la-cuina-del-chartreuse-36x36.jpg 36w, https:\/\/restaurantbarquet.com\/wp-content\/uploads\/2024\/11\/llibre-la-cuina-del-chartreuse-180x180.jpg 180w, https:\/\/restaurantbarquet.com\/wp-content\/uploads\/2024\/11\/llibre-la-cuina-del-chartreuse-705x705.jpg 705w, https:\/\/restaurantbarquet.com\/wp-content\/uploads\/2024\/11\/llibre-la-cuina-del-chartreuse-120x120.jpg 120w, https:\/\/restaurantbarquet.com\/wp-content\/uploads\/2024\/11\/llibre-la-cuina-del-chartreuse-450x450.jpg 450w, https:\/\/restaurantbarquet.com\/wp-content\/uploads\/2024\/11\/llibre-la-cuina-del-chartreuse.jpg 1024w\" sizes=\"auto, (max-width: 300px) 100vw, 300px\" \/><\/div>\n\t\t\t\t\t<div class=\"wc-block-grid__product-title\">La cuina del Chartreuse | David Sol\u00e9 i Torn\u00e9<\/div>\n\t\t\t\t<\/a>\n\t\t\t\t<div class=\"wc-block-grid__product-price price\"><span class=\"woocommerce-Price-amount amount\">18,00&nbsp;<span class=\"woocommerce-Price-currencySymbol\">&euro;<\/span><\/span><\/div>\n\t\t\t\t\n\t\t\t\t<div class=\"wp-block-button wc-block-grid__product-add-to-cart\"><a href=\"\/es\/wp-json\/wp\/v2\/pages\/1538?add-to-cart=1711\" aria-label=\"A\u00f1adir al carrito: &ldquo;La cuina del Chartreuse | David Sol\u00e9 i Torn\u00e9&rdquo;\" data-quantity=\"1\" data-product_id=\"1711\" data-product_sku=\"97-88-49424-03-2-4\" data-price=\"18\" rel=\"nofollow\" class=\"wp-block-button__link  add_to_cart_button ajax_add_to_cart\">A\u00f1adir al carrito<\/a><\/div>\n\t\t\t<\/li><\/ul><\/div><\/div>\n<\/div>\n","protected":false},"excerpt":{"rendered":"","protected":false},"author":4,"featured_media":0,"parent":0,"menu_order":0,"comment_status":"closed","ping_status":"closed","template":"","meta":{"footnotes":""},"class_list":["post-1538","page","type-page","status-publish","hentry"],"yoast_head":"<!-- This site is optimized with the Yoast SEO plugin v27.1.1 - https:\/\/yoast.com\/product\/yoast-seo-wordpress\/ -->\n<title>Cistella - Barquet Tarragona<\/title>\n<meta name=\"robots\" content=\"index, follow, max-snippet:-1, max-image-preview:large, max-video-preview:-1\" \/>\n<link rel=\"canonical\" href=\"https:\/\/restaurantbarquet.com\/es\/cistella\/\" \/>\n<meta property=\"og:locale\" content=\"es_ES\" \/>\n<meta property=\"og:type\" content=\"article\" \/>\n<meta property=\"og:title\" content=\"Cistella - Barquet Tarragona\" \/>\n<meta property=\"og:url\" content=\"https:\/\/restaurantbarquet.com\/es\/cistella\/\" \/>\n<meta property=\"og:site_name\" content=\"Barquet Tarragona\" \/>\n<meta property=\"article:publisher\" content=\"https:\/\/www.facebook.com\/barquet.tarragona\" \/>\n<meta property=\"article:modified_time\" content=\"2026-03-10T16:09:32+00:00\" \/>\n<meta name=\"twitter:card\" content=\"summary_large_image\" \/>\n<script type=\"application\/ld+json\" class=\"yoast-schema-graph\">{\"@context\":\"https:\/\/schema.org\",\"@graph\":[{\"@type\":\"WebPage\",\"@id\":\"https:\/\/restaurantbarquet.com\/es\/cistella\/\",\"url\":\"https:\/\/restaurantbarquet.com\/es\/cistella\/\",\"name\":\"Cistella - Barquet Tarragona\",\"isPartOf\":{\"@id\":\"https:\/\/restaurantbarquet.com\/#website\"},\"datePublished\":\"2024-05-23T15:55:14+00:00\",\"dateModified\":\"2026-03-10T16:09:32+00:00\",\"breadcrumb\":{\"@id\":\"https:\/\/restaurantbarquet.com\/es\/cistella\/#breadcrumb\"},\"inLanguage\":\"es\",\"potentialAction\":[{\"@type\":\"ReadAction\",\"target\":[\"https:\/\/restaurantbarquet.com\/es\/cistella\/\"]}]},{\"@type\":\"BreadcrumbList\",\"@id\":\"https:\/\/restaurantbarquet.com\/es\/cistella\/#breadcrumb\",\"itemListElement\":[{\"@type\":\"ListItem\",\"position\":1,\"name\":\"Inici\",\"item\":\"https:\/\/restaurantbarquet.com\/es\/\"},{\"@type\":\"ListItem\",\"position\":2,\"name\":\"Cistella\"}]},{\"@type\":\"WebSite\",\"@id\":\"https:\/\/restaurantbarquet.com\/#website\",\"url\":\"https:\/\/restaurantbarquet.com\/\",\"name\":\"Barquet Tarragona\",\"description\":\"Cuina tradicional de Tarragona\",\"potentialAction\":[{\"@type\":\"SearchAction\",\"target\":{\"@type\":\"EntryPoint\",\"urlTemplate\":\"https:\/\/restaurantbarquet.com\/?s={search_term_string}\"},\"query-input\":{\"@type\":\"PropertyValueSpecification\",\"valueRequired\":true,\"valueName\":\"search_term_string\"}}],\"inLanguage\":\"es\"}]}<\/script>\n<!-- \/ Yoast SEO plugin. -->","yoast_head_json":{"title":"Cistella - Barquet Tarragona","robots":{"index":"index","follow":"follow","max-snippet":"max-snippet:-1","max-image-preview":"max-image-preview:large","max-video-preview":"max-video-preview:-1"},"canonical":"https:\/\/restaurantbarquet.com\/es\/cistella\/","og_locale":"es_ES","og_type":"article","og_title":"Cistella - Barquet Tarragona","og_url":"https:\/\/restaurantbarquet.com\/es\/cistella\/","og_site_name":"Barquet Tarragona","article_publisher":"https:\/\/www.facebook.com\/barquet.tarragona","article_modified_time":"2026-03-10T16:09:32+00:00","twitter_card":"summary_large_image","schema":{"@context":"https:\/\/schema.org","@graph":[{"@type":"WebPage","@id":"https:\/\/restaurantbarquet.com\/es\/cistella\/","url":"https:\/\/restaurantbarquet.com\/es\/cistella\/","name":"Cistella - Barquet Tarragona","isPartOf":{"@id":"https:\/\/restaurantbarquet.com\/#website"},"datePublished":"2024-05-23T15:55:14+00:00","dateModified":"2026-03-10T16:09:32+00:00","breadcrumb":{"@id":"https:\/\/restaurantbarquet.com\/es\/cistella\/#breadcrumb"},"inLanguage":"es","potentialAction":[{"@type":"ReadAction","target":["https:\/\/restaurantbarquet.com\/es\/cistella\/"]}]},{"@type":"BreadcrumbList","@id":"https:\/\/restaurantbarquet.com\/es\/cistella\/#breadcrumb","itemListElement":[{"@type":"ListItem","position":1,"name":"Inici","item":"https:\/\/restaurantbarquet.com\/es\/"},{"@type":"ListItem","position":2,"name":"Cistella"}]},{"@type":"WebSite","@id":"https:\/\/restaurantbarquet.com\/#website","url":"https:\/\/restaurantbarquet.com\/","name":"Barquet Tarragona","description":"Cuina tradicional de Tarragona","potentialAction":[{"@type":"SearchAction","target":{"@type":"EntryPoint","urlTemplate":"https:\/\/restaurantbarquet.com\/?s={search_term_string}"},"query-input":{"@type":"PropertyValueSpecification","valueRequired":true,"valueName":"search_term_string"}}],"inLanguage":"es"}]}},"jetpack_sharing_enabled":true,"_links":{"self":[{"href":"https:\/\/restaurantbarquet.com\/es\/wp-json\/wp\/v2\/pages\/1538","targetHints":{"allow":["GET"]}}],"collection":[{"href":"https:\/\/restaurantbarquet.com\/es\/wp-json\/wp\/v2\/pages"}],"about":[{"href":"https:\/\/restaurantbarquet.com\/es\/wp-json\/wp\/v2\/types\/page"}],"author":[{"embeddable":true,"href":"https:\/\/restaurantbarquet.com\/es\/wp-json\/wp\/v2\/users\/4"}],"replies":[{"embeddable":true,"href":"https:\/\/restaurantbarquet.com\/es\/wp-json\/wp\/v2\/comments?post=1538"}],"version-history":[{"count":1,"href":"https:\/\/restaurantbarquet.com\/es\/wp-json\/wp\/v2\/pages\/1538\/revisions"}],"predecessor-version":[{"id":1825,"href":"https:\/\/restaurantbarquet.com\/es\/wp-json\/wp\/v2\/pages\/1538\/revisions\/1825"}],"wp:attachment":[{"href":"https:\/\/restaurantbarquet.com\/es\/wp-json\/wp\/v2\/media?parent=1538"}],"curies":[{"name":"wp","href":"https:\/\/api.w.org\/{rel}","templated":true}]}}