{"id":1989,"date":"2024-10-03T13:06:21","date_gmt":"2024-10-03T11:06:21","guid":{"rendered":"https:\/\/restaurantbarquet.com\/politica-de-reemborsaments\/"},"modified":"2026-01-29T09:58:01","modified_gmt":"2026-01-29T08:58:01","slug":"politica-de-reemborsaments","status":"publish","type":"page","link":"https:\/\/restaurantbarquet.com\/es\/politica-de-reemborsaments\/","title":{"rendered":"Pol\u00edtica de devoluciones"},"content":{"rendered":"\n<style type=\"text\/css\" data-created_by=\"avia_inline_auto\" id=\"style-css-av-asbuy-90f44e350f50b3fd2d67a5fdf7fbf6eb\">\n.flex_column.av-asbuy-90f44e350f50b3fd2d67a5fdf7fbf6eb{\nborder-radius:0px 0px 0px 0px;\npadding:0px 0px 0px 0px;\n}\n<\/style>\n<div  class='flex_column av-asbuy-90f44e350f50b3fd2d67a5fdf7fbf6eb av_one_full  avia-builder-el-0  avia-builder-el-no-sibling  first flex_column_div av-zero-column-padding  '     ><p>\n<style type=\"text\/css\" data-created_by=\"avia_inline_auto\" id=\"style-css-av-wx6l6-f7474a2c77b6507a35b62802d2d9a622\">\n#top .av-special-heading.av-wx6l6-f7474a2c77b6507a35b62802d2d9a622{\npadding-bottom:10px;\n}\nbody .av-special-heading.av-wx6l6-f7474a2c77b6507a35b62802d2d9a622 .av-special-heading-tag .heading-char{\nfont-size:25px;\n}\n.av-special-heading.av-wx6l6-f7474a2c77b6507a35b62802d2d9a622 .av-subheading{\nfont-size:15px;\n}\n<\/style>\n<div  class='av-special-heading av-wx6l6-f7474a2c77b6507a35b62802d2d9a622 av-special-heading-h3  avia-builder-el-1  el_before_av_textblock  avia-builder-el-first '><h3 class='av-special-heading-tag '  itemprop=\"headline\"  >Pol\u00edtica de devoluciones<\/h3><div class=\"special-heading-border\"><div class=\"special-heading-inner-border\"><\/div><\/div><\/div><br \/>\n<section  class='av_textblock_section av-kawov99u-dbe199ecf32b743fe64967c54116fbb2 '   itemscope=\"itemscope\" itemtype=\"https:\/\/schema.org\/CreativeWork\" ><div class='avia_textblock'  itemprop=\"text\" ><div class=\"flex max-w-full flex-col flex-grow\">\n<div class=\"min-h-8 text-message flex w-full flex-col items-end gap-2 whitespace-normal break-words &#091;.text-message+&amp;&#093;:mt-5\" dir=\"auto\" data-message-author-role=\"assistant\" data-message-id=\"6cbc5e41-92b8-4560-b983-83bca602eff0\">\n<div class=\"flex w-full flex-col gap-1 empty:hidden first:pt-&#091;3px&#093;\">\n<div class=\"markdown prose w-full break-words dark:prose-invert light\">\n<p>        Esta pol\u00edtica de reembolsos establece las condiciones y t\u00e9rminos para solicitar reembolsos en nuestro sitio web. El t\u00e9rmino \u00abnosotros\u00bb o \u00abel Titular\u00bb se refiere al propietario del sitio web.<\/p>\n<ol>\n<li><strong>Condiciones para Reservas [1-8 Personas]:<\/strong><br \/>\n            Podr\u00e1 cancelar o modificar la fecha de su reserva sin ning\u00fan cargo hasta 3 horas antes de la reserva. Si se cancela la reserva con menos de 3 horas de antelaci\u00f3n, se aplicar\u00e1 una penalizaci\u00f3n de 20\u20ac por persona. Cambios sujetos a la disponibilidad del restaurante. Para cambiar el n\u00famero de comensales, deber\u00e1 cancelar su reserva y realizar una nueva. La no asistencia o la llegada con m\u00e1s de 15 minutos de retraso sin aviso previo se considerar\u00e1 una cancelaci\u00f3n fuera del plazo establecido, perdiendo la reserva y aplicando una penalizaci\u00f3n de 15\u20ac por persona.\n          <\/li>\n<li><strong>Condiciones para Grupos [M\u00e1s de 8 Personas]:<\/strong><br \/>\n            Podr\u00e1 cancelar o modificar la fecha de su reserva sin ning\u00fan cargo hasta 24 horas antes de la reserva. Una vez superado este plazo, no ser\u00e1 posible realizar cambios. Cambios sujetos a la disponibilidad del restaurante. Para cambiar el n\u00famero de comensales, deber\u00e1 cancelar su reserva y realizar una nueva. La no asistencia o la llegada con m\u00e1s de 15 minutos de retraso sin aviso previo se considerar\u00e1 una cancelaci\u00f3n fuera del plazo establecido, perdiendo la reserva y aplicando una penalizaci\u00f3n del total del dinero pagado en el caso de eventos con pago previo.\n          <\/li>\n<li><strong>Condiciones para Reservas con Vale Regalo:<\/strong><br \/>\n            En las reservas con vale regalo, la no asistencia se considerar\u00e1 el vale regalo \u00edntegramente consumido, perdiendo el derecho a utilizarlo en futuras reservas.\n          <\/li>\n<li><strong>Condiciones para Cancelaci\u00f3n de Eventos y Reservas con Dep\u00f3sitos:<\/strong><br \/>\n            Podr\u00e1 cancelar o modificar la fecha de su reserva sin ning\u00fan cargo hasta 24 horas antes de la reserva. Una vez superado este plazo, no ser\u00e1 posible realizar cambios. Cambios sujetos a la disponibilidad del restaurante. Para cambiar el n\u00famero de comensales, deber\u00e1 cancelar su reserva y realizar una nueva. La no asistencia o la llegada con m\u00e1s de 15 minutos de retraso sin aviso previo se considerar\u00e1 una cancelaci\u00f3n fuera del plazo establecido, perdiendo la reserva y aplicando una penalizaci\u00f3n del total del dinero pagado en el caso de eventos con pago previo.\n          <\/li>\n<li><strong>Validez de Cheques Regalo:<\/strong><br \/>\n            La validez de los cheques regalo es de 6 meses a partir de la fecha de compra. Si se presenta o se cancela la reserva con menos de 12 horas de antelaci\u00f3n, el vale regalo se considerar\u00e1 consumido.\n          <\/li>\n<li><strong>Cambios y Anulaciones de Compras:<\/strong><br \/>\n            Para cualquier cambio o anulaci\u00f3n de la compra, dispone de 7 d\u00edas naturales a partir de la finalizaci\u00f3n de la compra para solicitar el reembolso. Nos reservamos el derecho de modificar esta pol\u00edtica de reembolsos para adaptarla a cambios legislativos o a pr\u00e1cticas de la industria. Se recomienda revisar peri\u00f3dicamente esta p\u00e1gina para estar al corriente de las actualizaciones.\n          <\/li>\n<li><strong>Solo est\u00e1 permitida la venta a mayores de edad.<\/strong><\/li>\n<li>El comercio es responsable y conoce la legislaci\u00f3n vigente de los pa\u00edses a los que env\u00eda los productos o presta los servicios.<\/li>\n<li>El titular de la tarjeta tiene conocimiento y acepta las condiciones establecidas por el comercio.<\/li>\n<li>\n            Este comerciante se compromete a no permitir ninguna transacci\u00f3n que sea ilegal o que sea considerada, por las marcas de tarjetas de cr\u00e9dito o por el banco adquirente, como una transacci\u00f3n que pueda o tenga el potencial de da\u00f1ar su buena reputaci\u00f3n o influir negativamente en ella. Las siguientes actividades est\u00e1n prohibidas en virtud de los programas de las marcas de tarjetas: la venta u oferta de un producto o servicio que no cumpla plenamente con todas las leyes aplicables al comprador, al banco emisor, al comerciante, al titular de la tarjeta o a las tarjetas. Adem\u00e1s, las siguientes actividades tambi\u00e9n est\u00e1n prohibidas de manera expl\u00edcita: \u00abVenta de bebidas alcoh\u00f3licas a menores de 18 a\u00f1os\u00bb.\n          <\/li>\n<\/ol>\n<\/div>\n<\/div>\n<\/div>\n<\/div>\n<\/div><\/section><\/p><\/div>\n","protected":false},"excerpt":{"rendered":"","protected":false},"author":2,"featured_media":794,"parent":0,"menu_order":0,"comment_status":"closed","ping_status":"closed","template":"","meta":{"footnotes":""},"class_list":["post-1989","page","type-page","status-publish","has-post-thumbnail","hentry"],"yoast_head":"<!-- This site is optimized with the Yoast SEO plugin v27.1.1 - https:\/\/yoast.com\/product\/yoast-seo-wordpress\/ -->\n<title>Pol\u00edtica de devoluciones - Barquet Tarragona<\/title>\n<meta name=\"robots\" content=\"index, follow, max-snippet:-1, max-image-preview:large, max-video-preview:-1\" \/>\n<link rel=\"canonical\" href=\"https:\/\/restaurantbarquet.com\/politica-de-reemborsaments\/\" \/>\n<meta property=\"og:locale\" content=\"es_ES\" \/>\n<meta property=\"og:type\" content=\"article\" \/>\n<meta property=\"og:title\" content=\"Pol\u00edtica de devoluciones - Barquet Tarragona\" \/>\n<meta property=\"og:url\" content=\"https:\/\/restaurantbarquet.com\/politica-de-reemborsaments\/\" \/>\n<meta property=\"og:site_name\" content=\"Barquet Tarragona\" \/>\n<meta property=\"article:publisher\" content=\"https:\/\/www.facebook.com\/barquet.tarragona\" \/>\n<meta property=\"article:modified_time\" content=\"2026-01-29T08:58:01+00:00\" \/>\n<meta property=\"og:image\" content=\"https:\/\/restaurantbarquet.com\/wp-content\/uploads\/2020\/05\/logotip-barquet-tarragona.png\" \/>\n\t<meta property=\"og:image:width\" content=\"400\" \/>\n\t<meta property=\"og:image:height\" content=\"400\" \/>\n\t<meta property=\"og:image:type\" content=\"image\/png\" \/>\n<meta name=\"twitter:card\" content=\"summary_large_image\" \/>\n<meta name=\"twitter:label1\" content=\"Tiempo de lectura\" \/>\n\t<meta name=\"twitter:data1\" content=\"3 minutos\" \/>\n<script type=\"application\/ld+json\" class=\"yoast-schema-graph\">{\"@context\":\"https:\/\/schema.org\",\"@graph\":[{\"@type\":\"WebPage\",\"@id\":\"https:\/\/restaurantbarquet.com\/politica-de-reemborsaments\/\",\"url\":\"https:\/\/restaurantbarquet.com\/politica-de-reemborsaments\/\",\"name\":\"Pol\u00edtica de devoluciones - Barquet Tarragona\",\"isPartOf\":{\"@id\":\"https:\/\/restaurantbarquet.com\/#website\"},\"primaryImageOfPage\":{\"@id\":\"https:\/\/restaurantbarquet.com\/politica-de-reemborsaments\/#primaryimage\"},\"image\":{\"@id\":\"https:\/\/restaurantbarquet.com\/politica-de-reemborsaments\/#primaryimage\"},\"thumbnailUrl\":\"https:\/\/restaurantbarquet.com\/wp-content\/uploads\/2020\/05\/logotip-barquet-tarragona.png\",\"datePublished\":\"2024-10-03T11:06:21+00:00\",\"dateModified\":\"2026-01-29T08:58:01+00:00\",\"breadcrumb\":{\"@id\":\"https:\/\/restaurantbarquet.com\/politica-de-reemborsaments\/#breadcrumb\"},\"inLanguage\":\"es\",\"potentialAction\":[{\"@type\":\"ReadAction\",\"target\":[\"https:\/\/restaurantbarquet.com\/politica-de-reemborsaments\/\"]}]},{\"@type\":\"ImageObject\",\"inLanguage\":\"es\",\"@id\":\"https:\/\/restaurantbarquet.com\/politica-de-reemborsaments\/#primaryimage\",\"url\":\"https:\/\/restaurantbarquet.com\/wp-content\/uploads\/2020\/05\/logotip-barquet-tarragona.png\",\"contentUrl\":\"https:\/\/restaurantbarquet.com\/wp-content\/uploads\/2020\/05\/logotip-barquet-tarragona.png\",\"width\":400,\"height\":400},{\"@type\":\"BreadcrumbList\",\"@id\":\"https:\/\/restaurantbarquet.com\/politica-de-reemborsaments\/#breadcrumb\",\"itemListElement\":[{\"@type\":\"ListItem\",\"position\":1,\"name\":\"Inici\",\"item\":\"https:\/\/restaurantbarquet.com\/es\/\"},{\"@type\":\"ListItem\",\"position\":2,\"name\":\"Pol\u00edtica de devoluciones\"}]},{\"@type\":\"WebSite\",\"@id\":\"https:\/\/restaurantbarquet.com\/#website\",\"url\":\"https:\/\/restaurantbarquet.com\/\",\"name\":\"Barquet Tarragona\",\"description\":\"Cuina tradicional de Tarragona\",\"potentialAction\":[{\"@type\":\"SearchAction\",\"target\":{\"@type\":\"EntryPoint\",\"urlTemplate\":\"https:\/\/restaurantbarquet.com\/?s={search_term_string}\"},\"query-input\":{\"@type\":\"PropertyValueSpecification\",\"valueRequired\":true,\"valueName\":\"search_term_string\"}}],\"inLanguage\":\"es\"}]}<\/script>\n<!-- \/ Yoast SEO plugin. -->","yoast_head_json":{"title":"Pol\u00edtica de devoluciones - Barquet Tarragona","robots":{"index":"index","follow":"follow","max-snippet":"max-snippet:-1","max-image-preview":"max-image-preview:large","max-video-preview":"max-video-preview:-1"},"canonical":"https:\/\/restaurantbarquet.com\/politica-de-reemborsaments\/","og_locale":"es_ES","og_type":"article","og_title":"Pol\u00edtica de devoluciones - Barquet Tarragona","og_url":"https:\/\/restaurantbarquet.com\/politica-de-reemborsaments\/","og_site_name":"Barquet Tarragona","article_publisher":"https:\/\/www.facebook.com\/barquet.tarragona","article_modified_time":"2026-01-29T08:58:01+00:00","og_image":[{"width":400,"height":400,"url":"https:\/\/restaurantbarquet.com\/wp-content\/uploads\/2020\/05\/logotip-barquet-tarragona.png","type":"image\/png"}],"twitter_card":"summary_large_image","twitter_misc":{"Tiempo de lectura":"3 minutos"},"schema":{"@context":"https:\/\/schema.org","@graph":[{"@type":"WebPage","@id":"https:\/\/restaurantbarquet.com\/politica-de-reemborsaments\/","url":"https:\/\/restaurantbarquet.com\/politica-de-reemborsaments\/","name":"Pol\u00edtica de devoluciones - Barquet Tarragona","isPartOf":{"@id":"https:\/\/restaurantbarquet.com\/#website"},"primaryImageOfPage":{"@id":"https:\/\/restaurantbarquet.com\/politica-de-reemborsaments\/#primaryimage"},"image":{"@id":"https:\/\/restaurantbarquet.com\/politica-de-reemborsaments\/#primaryimage"},"thumbnailUrl":"https:\/\/restaurantbarquet.com\/wp-content\/uploads\/2020\/05\/logotip-barquet-tarragona.png","datePublished":"2024-10-03T11:06:21+00:00","dateModified":"2026-01-29T08:58:01+00:00","breadcrumb":{"@id":"https:\/\/restaurantbarquet.com\/politica-de-reemborsaments\/#breadcrumb"},"inLanguage":"es","potentialAction":[{"@type":"ReadAction","target":["https:\/\/restaurantbarquet.com\/politica-de-reemborsaments\/"]}]},{"@type":"ImageObject","inLanguage":"es","@id":"https:\/\/restaurantbarquet.com\/politica-de-reemborsaments\/#primaryimage","url":"https:\/\/restaurantbarquet.com\/wp-content\/uploads\/2020\/05\/logotip-barquet-tarragona.png","contentUrl":"https:\/\/restaurantbarquet.com\/wp-content\/uploads\/2020\/05\/logotip-barquet-tarragona.png","width":400,"height":400},{"@type":"BreadcrumbList","@id":"https:\/\/restaurantbarquet.com\/politica-de-reemborsaments\/#breadcrumb","itemListElement":[{"@type":"ListItem","position":1,"name":"Inici","item":"https:\/\/restaurantbarquet.com\/es\/"},{"@type":"ListItem","position":2,"name":"Pol\u00edtica de devoluciones"}]},{"@type":"WebSite","@id":"https:\/\/restaurantbarquet.com\/#website","url":"https:\/\/restaurantbarquet.com\/","name":"Barquet Tarragona","description":"Cuina tradicional de Tarragona","potentialAction":[{"@type":"SearchAction","target":{"@type":"EntryPoint","urlTemplate":"https:\/\/restaurantbarquet.com\/?s={search_term_string}"},"query-input":{"@type":"PropertyValueSpecification","valueRequired":true,"valueName":"search_term_string"}}],"inLanguage":"es"}]}},"jetpack_sharing_enabled":true,"_links":{"self":[{"href":"https:\/\/restaurantbarquet.com\/es\/wp-json\/wp\/v2\/pages\/1989","targetHints":{"allow":["GET"]}}],"collection":[{"href":"https:\/\/restaurantbarquet.com\/es\/wp-json\/wp\/v2\/pages"}],"about":[{"href":"https:\/\/restaurantbarquet.com\/es\/wp-json\/wp\/v2\/types\/page"}],"author":[{"embeddable":true,"href":"https:\/\/restaurantbarquet.com\/es\/wp-json\/wp\/v2\/users\/2"}],"replies":[{"embeddable":true,"href":"https:\/\/restaurantbarquet.com\/es\/wp-json\/wp\/v2\/comments?post=1989"}],"version-history":[{"count":3,"href":"https:\/\/restaurantbarquet.com\/es\/wp-json\/wp\/v2\/pages\/1989\/revisions"}],"predecessor-version":[{"id":1992,"href":"https:\/\/restaurantbarquet.com\/es\/wp-json\/wp\/v2\/pages\/1989\/revisions\/1992"}],"wp:featuredmedia":[{"embeddable":true,"href":"https:\/\/restaurantbarquet.com\/es\/wp-json\/wp\/v2\/media\/794"}],"wp:attachment":[{"href":"https:\/\/restaurantbarquet.com\/es\/wp-json\/wp\/v2\/media?parent=1989"}],"curies":[{"name":"wp","href":"https:\/\/api.w.org\/{rel}","templated":true}]}}