{"id":1681,"date":"2024-11-26T11:17:53","date_gmt":"2024-11-26T10:17:53","guid":{"rendered":"https:\/\/www.restaurantbarquet.com\/?post_type=product&#038;p=1681"},"modified":"2024-12-17T10:58:31","modified_gmt":"2024-12-17T09:58:31","slug":"targeta-regal-barquet-100","status":"publish","type":"product","link":"https:\/\/restaurantbarquet.com\/es\/producte\/targeta-regal-barquet-100\/","title":{"rendered":"Targeta regal Barquet 100"},"content":{"rendered":"","protected":false},"excerpt":{"rendered":"<p>Celebrar els grans i petits moments de la vida sempre ha estat una bona opci\u00f3 per a gaudir-la. \u00c9s per aix\u00f2 que volem posar a la vostra disposici\u00f3 els xecs regal perqu\u00e8 els ofereixis a la gent que t\u2019importa.<\/p>\n<p>Es bescanviaran al restaurant i tindran valor per productes de la carta i\/o begudes.<\/p>\n<p>Una vegada hagi fet la compra de la targeta, rebr\u00e0 un PDF amb la targeta regal al seu correu electr\u00f2nic. El n\u00famero de compra ser\u00e0 l\u2019identificador per bescanviar al restaurant.<br \/>\n\u00c9s imprescindible que escrigui el nom de la persona que gaudir\u00e0 del val regal i el codi del val per poder identificar-lo al restaurant. No s\u2019acceptaran vals sense codi.<\/p>\n<p>La caducitat del val \u00e9s de 6 mesos a partir de la\u00a0data\u00a0de\u00a0compra.<\/p>\n","protected":false},"featured_media":1674,"comment_status":"closed","ping_status":"closed","template":"","meta":[],"product_brand":[],"product_cat":[39],"product_tag":[],"class_list":{"0":"post-1681","1":"product","2":"type-product","3":"status-publish","4":"has-post-thumbnail","6":"product_cat-xecs-regal","8":"first","9":"instock","10":"downloadable","11":"virtual","12":"taxable","13":"purchasable","14":"product-type-simple"},"yoast_head":"<!-- This site is optimized with the Yoast SEO plugin v27.1.1 - https:\/\/yoast.com\/product\/yoast-seo-wordpress\/ -->\n<title>Targeta regal Barquet 100 - Barquet Tarragona<\/title>\n<meta name=\"robots\" content=\"index, follow, max-snippet:-1, max-image-preview:large, max-video-preview:-1\" \/>\n<link rel=\"canonical\" href=\"https:\/\/restaurantbarquet.com\/producte\/targeta-regal-barquet-100\/\" \/>\n<meta property=\"og:locale\" content=\"es_ES\" \/>\n<meta property=\"og:type\" content=\"article\" \/>\n<meta property=\"og:title\" content=\"Targeta regal Barquet 100 - Barquet Tarragona\" \/>\n<meta property=\"og:description\" content=\"Celebrar els grans i petits moments de la vida sempre ha estat una bona opci\u00f3 per a gaudir-la. \u00c9s per aix\u00f2 que volem posar a la vostra disposici\u00f3 els xecs regal perqu\u00e8 els ofereixis a la gent que t\u2019importa.  Es bescanviaran al restaurant i tindran valor per productes de la carta i\/o begudes.  Una vegada hagi fet la compra de la targeta, rebr\u00e0 un PDF amb la targeta regal al seu correu electr\u00f2nic. El n\u00famero de compra ser\u00e0 l\u2019identificador per bescanviar al restaurant.  \u00c9s imprescindible que escrigui el nom de la persona que gaudir\u00e0 del val regal i el codi del val per poder identificar-lo al restaurant. No s\u2019acceptaran vals sense codi.  La caducitat del val \u00e9s de 6 mesos a partir de la\u00a0data\u00a0de\u00a0compra.\" \/>\n<meta property=\"og:url\" content=\"https:\/\/restaurantbarquet.com\/producte\/targeta-regal-barquet-100\/\" \/>\n<meta property=\"og:site_name\" content=\"Barquet Tarragona\" \/>\n<meta property=\"article:publisher\" content=\"https:\/\/www.facebook.com\/barquet.tarragona\" \/>\n<meta property=\"article:modified_time\" content=\"2024-12-17T09:58:31+00:00\" \/>\n<meta property=\"og:image\" content=\"https:\/\/restaurantbarquet.com\/wp-content\/uploads\/2024\/11\/xec-regal-100.jpg\" \/>\n\t<meta property=\"og:image:width\" content=\"1024\" \/>\n\t<meta property=\"og:image:height\" content=\"1024\" \/>\n\t<meta property=\"og:image:type\" content=\"image\/jpeg\" \/>\n<meta name=\"twitter:card\" content=\"summary_large_image\" \/>\n<script type=\"application\/ld+json\" class=\"yoast-schema-graph\">{\"@context\":\"https:\/\/schema.org\",\"@graph\":[{\"@type\":\"WebPage\",\"@id\":\"https:\/\/restaurantbarquet.com\/producte\/targeta-regal-barquet-100\/\",\"url\":\"https:\/\/restaurantbarquet.com\/producte\/targeta-regal-barquet-100\/\",\"name\":\"Targeta regal Barquet 100 - Barquet Tarragona\",\"isPartOf\":{\"@id\":\"https:\/\/restaurantbarquet.com\/#website\"},\"primaryImageOfPage\":{\"@id\":\"https:\/\/restaurantbarquet.com\/producte\/targeta-regal-barquet-100\/#primaryimage\"},\"image\":{\"@id\":\"https:\/\/restaurantbarquet.com\/producte\/targeta-regal-barquet-100\/#primaryimage\"},\"thumbnailUrl\":\"https:\/\/restaurantbarquet.com\/wp-content\/uploads\/2024\/11\/xec-regal-100.jpg\",\"datePublished\":\"2024-11-26T10:17:53+00:00\",\"dateModified\":\"2024-12-17T09:58:31+00:00\",\"breadcrumb\":{\"@id\":\"https:\/\/restaurantbarquet.com\/producte\/targeta-regal-barquet-100\/#breadcrumb\"},\"inLanguage\":\"es\",\"potentialAction\":[{\"@type\":\"ReadAction\",\"target\":[\"https:\/\/restaurantbarquet.com\/producte\/targeta-regal-barquet-100\/\"]}]},{\"@type\":\"ImageObject\",\"inLanguage\":\"es\",\"@id\":\"https:\/\/restaurantbarquet.com\/producte\/targeta-regal-barquet-100\/#primaryimage\",\"url\":\"https:\/\/restaurantbarquet.com\/wp-content\/uploads\/2024\/11\/xec-regal-100.jpg\",\"contentUrl\":\"https:\/\/restaurantbarquet.com\/wp-content\/uploads\/2024\/11\/xec-regal-100.jpg\",\"width\":1024,\"height\":1024},{\"@type\":\"BreadcrumbList\",\"@id\":\"https:\/\/restaurantbarquet.com\/producte\/targeta-regal-barquet-100\/#breadcrumb\",\"itemListElement\":[{\"@type\":\"ListItem\",\"position\":1,\"name\":\"Inici\",\"item\":\"https:\/\/restaurantbarquet.com\/es\/\"},{\"@type\":\"ListItem\",\"position\":2,\"name\":\"Botiga\",\"item\":\"https:\/\/restaurantbarquet.com\/es\/botiga\/\"},{\"@type\":\"ListItem\",\"position\":3,\"name\":\"Targeta regal Barquet 100\"}]},{\"@type\":\"WebSite\",\"@id\":\"https:\/\/restaurantbarquet.com\/#website\",\"url\":\"https:\/\/restaurantbarquet.com\/\",\"name\":\"Barquet Tarragona\",\"description\":\"Cuina tradicional de Tarragona\",\"potentialAction\":[{\"@type\":\"SearchAction\",\"target\":{\"@type\":\"EntryPoint\",\"urlTemplate\":\"https:\/\/restaurantbarquet.com\/?s={search_term_string}\"},\"query-input\":{\"@type\":\"PropertyValueSpecification\",\"valueRequired\":true,\"valueName\":\"search_term_string\"}}],\"inLanguage\":\"es\"}]}<\/script>\n<!-- \/ Yoast SEO plugin. -->","yoast_head_json":{"title":"Targeta regal Barquet 100 - Barquet Tarragona","robots":{"index":"index","follow":"follow","max-snippet":"max-snippet:-1","max-image-preview":"max-image-preview:large","max-video-preview":"max-video-preview:-1"},"canonical":"https:\/\/restaurantbarquet.com\/producte\/targeta-regal-barquet-100\/","og_locale":"es_ES","og_type":"article","og_title":"Targeta regal Barquet 100 - Barquet Tarragona","og_description":"Celebrar els grans i petits moments de la vida sempre ha estat una bona opci\u00f3 per a gaudir-la. \u00c9s per aix\u00f2 que volem posar a la vostra disposici\u00f3 els xecs regal perqu\u00e8 els ofereixis a la gent que t\u2019importa.  Es bescanviaran al restaurant i tindran valor per productes de la carta i\/o begudes.  Una vegada hagi fet la compra de la targeta, rebr\u00e0 un PDF amb la targeta regal al seu correu electr\u00f2nic. El n\u00famero de compra ser\u00e0 l\u2019identificador per bescanviar al restaurant.  \u00c9s imprescindible que escrigui el nom de la persona que gaudir\u00e0 del val regal i el codi del val per poder identificar-lo al restaurant. No s\u2019acceptaran vals sense codi.  La caducitat del val \u00e9s de 6 mesos a partir de la\u00a0data\u00a0de\u00a0compra.","og_url":"https:\/\/restaurantbarquet.com\/producte\/targeta-regal-barquet-100\/","og_site_name":"Barquet Tarragona","article_publisher":"https:\/\/www.facebook.com\/barquet.tarragona","article_modified_time":"2024-12-17T09:58:31+00:00","og_image":[{"width":1024,"height":1024,"url":"https:\/\/restaurantbarquet.com\/wp-content\/uploads\/2024\/11\/xec-regal-100.jpg","type":"image\/jpeg"}],"twitter_card":"summary_large_image","schema":{"@context":"https:\/\/schema.org","@graph":[{"@type":"WebPage","@id":"https:\/\/restaurantbarquet.com\/producte\/targeta-regal-barquet-100\/","url":"https:\/\/restaurantbarquet.com\/producte\/targeta-regal-barquet-100\/","name":"Targeta regal Barquet 100 - Barquet Tarragona","isPartOf":{"@id":"https:\/\/restaurantbarquet.com\/#website"},"primaryImageOfPage":{"@id":"https:\/\/restaurantbarquet.com\/producte\/targeta-regal-barquet-100\/#primaryimage"},"image":{"@id":"https:\/\/restaurantbarquet.com\/producte\/targeta-regal-barquet-100\/#primaryimage"},"thumbnailUrl":"https:\/\/restaurantbarquet.com\/wp-content\/uploads\/2024\/11\/xec-regal-100.jpg","datePublished":"2024-11-26T10:17:53+00:00","dateModified":"2024-12-17T09:58:31+00:00","breadcrumb":{"@id":"https:\/\/restaurantbarquet.com\/producte\/targeta-regal-barquet-100\/#breadcrumb"},"inLanguage":"es","potentialAction":[{"@type":"ReadAction","target":["https:\/\/restaurantbarquet.com\/producte\/targeta-regal-barquet-100\/"]}]},{"@type":"ImageObject","inLanguage":"es","@id":"https:\/\/restaurantbarquet.com\/producte\/targeta-regal-barquet-100\/#primaryimage","url":"https:\/\/restaurantbarquet.com\/wp-content\/uploads\/2024\/11\/xec-regal-100.jpg","contentUrl":"https:\/\/restaurantbarquet.com\/wp-content\/uploads\/2024\/11\/xec-regal-100.jpg","width":1024,"height":1024},{"@type":"BreadcrumbList","@id":"https:\/\/restaurantbarquet.com\/producte\/targeta-regal-barquet-100\/#breadcrumb","itemListElement":[{"@type":"ListItem","position":1,"name":"Inici","item":"https:\/\/restaurantbarquet.com\/es\/"},{"@type":"ListItem","position":2,"name":"Botiga","item":"https:\/\/restaurantbarquet.com\/es\/botiga\/"},{"@type":"ListItem","position":3,"name":"Targeta regal Barquet 100"}]},{"@type":"WebSite","@id":"https:\/\/restaurantbarquet.com\/#website","url":"https:\/\/restaurantbarquet.com\/","name":"Barquet Tarragona","description":"Cuina tradicional de Tarragona","potentialAction":[{"@type":"SearchAction","target":{"@type":"EntryPoint","urlTemplate":"https:\/\/restaurantbarquet.com\/?s={search_term_string}"},"query-input":{"@type":"PropertyValueSpecification","valueRequired":true,"valueName":"search_term_string"}}],"inLanguage":"es"}]}},"jetpack_sharing_enabled":true,"_links":{"self":[{"href":"https:\/\/restaurantbarquet.com\/es\/wp-json\/wp\/v2\/product\/1681","targetHints":{"allow":["GET"]}}],"collection":[{"href":"https:\/\/restaurantbarquet.com\/es\/wp-json\/wp\/v2\/product"}],"about":[{"href":"https:\/\/restaurantbarquet.com\/es\/wp-json\/wp\/v2\/types\/product"}],"replies":[{"embeddable":true,"href":"https:\/\/restaurantbarquet.com\/es\/wp-json\/wp\/v2\/comments?post=1681"}],"wp:featuredmedia":[{"embeddable":true,"href":"https:\/\/restaurantbarquet.com\/es\/wp-json\/wp\/v2\/media\/1674"}],"wp:attachment":[{"href":"https:\/\/restaurantbarquet.com\/es\/wp-json\/wp\/v2\/media?parent=1681"}],"wp:term":[{"taxonomy":"product_brand","embeddable":true,"href":"https:\/\/restaurantbarquet.com\/es\/wp-json\/wp\/v2\/product_brand?post=1681"},{"taxonomy":"product_cat","embeddable":true,"href":"https:\/\/restaurantbarquet.com\/es\/wp-json\/wp\/v2\/product_cat?post=1681"},{"taxonomy":"product_tag","embeddable":true,"href":"https:\/\/restaurantbarquet.com\/es\/wp-json\/wp\/v2\/product_tag?post=1681"}],"curies":[{"name":"wp","href":"https:\/\/api.w.org\/{rel}","templated":true}]}}