{"id":1698,"date":"2024-11-26T12:07:36","date_gmt":"2024-11-26T11:07:36","guid":{"rendered":"https:\/\/www.restaurantbarquet.com\/?post_type=product&#038;p=1698"},"modified":"2024-12-28T12:25:22","modified_gmt":"2024-12-28T11:25:22","slug":"picades-identitat-de-la-cuina-catalana-david-sole-i-torne","status":"publish","type":"product","link":"https:\/\/restaurantbarquet.com\/es\/producte\/picades-identitat-de-la-cuina-catalana-david-sole-i-torne\/","title":{"rendered":"Picades: identitat de la cuina catalana | David Sol\u00e9 i Torn\u00e9"},"content":{"rendered":"","protected":false},"excerpt":{"rendered":"<p>Receptari que repassa aquest emblema de la Cuina Catalana a trav\u00e9s de la hist\u00f2ria. Un llistat que mostra i analitza el petit univers que pot modificar una preparaci\u00f3 sencera, capa\u00e7 de vestir-la i complementar-la per atorgar-li una personalitat pr\u00f2pia.<\/p>\n<p>Compra\u2019l ara, i recull-lo al nostre restaurant, personalitzat amb la seva dedicat\u00f2ria per a qui vulgueu.<\/p>\n","protected":false},"featured_media":1664,"comment_status":"closed","ping_status":"closed","template":"","meta":[],"product_brand":[],"product_cat":[40],"product_tag":[],"class_list":{"0":"post-1698","1":"product","2":"type-product","3":"status-publish","4":"has-post-thumbnail","6":"product_cat-llibres","8":"first","9":"instock","10":"taxable","11":"shipping-taxable","12":"purchasable","13":"product-type-simple"},"yoast_head":"<!-- This site is optimized with the Yoast SEO plugin v27.1.1 - https:\/\/yoast.com\/product\/yoast-seo-wordpress\/ -->\n<title>Picades: identitat de la cuina catalana | David Sol\u00e9 i Torn\u00e9 - Barquet Tarragona<\/title>\n<meta name=\"robots\" content=\"index, follow, max-snippet:-1, max-image-preview:large, max-video-preview:-1\" \/>\n<link rel=\"canonical\" href=\"https:\/\/restaurantbarquet.com\/producte\/picades-identitat-de-la-cuina-catalana-david-sole-i-torne\/\" \/>\n<meta property=\"og:locale\" content=\"es_ES\" \/>\n<meta property=\"og:type\" content=\"article\" \/>\n<meta property=\"og:title\" content=\"Picades: identitat de la cuina catalana | David Sol\u00e9 i Torn\u00e9 - Barquet Tarragona\" \/>\n<meta property=\"og:description\" content=\"Receptari que repassa aquest emblema de la Cuina Catalana a trav\u00e9s de la hist\u00f2ria. Un llistat que mostra i analitza el petit univers que pot modificar una preparaci\u00f3 sencera, capa\u00e7 de vestir-la i complementar-la per atorgar-li una personalitat pr\u00f2pia.  Compra\u2019l ara, i recull-lo al nostre restaurant, personalitzat amb la seva dedicat\u00f2ria per a qui vulgueu.\" \/>\n<meta property=\"og:url\" content=\"https:\/\/restaurantbarquet.com\/producte\/picades-identitat-de-la-cuina-catalana-david-sole-i-torne\/\" \/>\n<meta property=\"og:site_name\" content=\"Barquet Tarragona\" \/>\n<meta property=\"article:publisher\" content=\"https:\/\/www.facebook.com\/barquet.tarragona\" \/>\n<meta property=\"article:modified_time\" content=\"2024-12-28T11:25:22+00:00\" \/>\n<meta property=\"og:image\" content=\"https:\/\/restaurantbarquet.com\/wp-content\/uploads\/2024\/11\/llibre-picades-la-identitat-de-la-cuina-catalana.jpg\" \/>\n\t<meta property=\"og:image:width\" content=\"1024\" \/>\n\t<meta property=\"og:image:height\" content=\"1024\" \/>\n\t<meta property=\"og:image:type\" content=\"image\/jpeg\" \/>\n<meta name=\"twitter:card\" content=\"summary_large_image\" \/>\n<script type=\"application\/ld+json\" class=\"yoast-schema-graph\">{\"@context\":\"https:\/\/schema.org\",\"@graph\":[{\"@type\":\"WebPage\",\"@id\":\"https:\/\/restaurantbarquet.com\/producte\/picades-identitat-de-la-cuina-catalana-david-sole-i-torne\/\",\"url\":\"https:\/\/restaurantbarquet.com\/producte\/picades-identitat-de-la-cuina-catalana-david-sole-i-torne\/\",\"name\":\"Picades: identitat de la cuina catalana | David Sol\u00e9 i Torn\u00e9 - Barquet Tarragona\",\"isPartOf\":{\"@id\":\"https:\/\/restaurantbarquet.com\/#website\"},\"primaryImageOfPage\":{\"@id\":\"https:\/\/restaurantbarquet.com\/producte\/picades-identitat-de-la-cuina-catalana-david-sole-i-torne\/#primaryimage\"},\"image\":{\"@id\":\"https:\/\/restaurantbarquet.com\/producte\/picades-identitat-de-la-cuina-catalana-david-sole-i-torne\/#primaryimage\"},\"thumbnailUrl\":\"https:\/\/restaurantbarquet.com\/wp-content\/uploads\/2024\/11\/llibre-picades-la-identitat-de-la-cuina-catalana.jpg\",\"datePublished\":\"2024-11-26T11:07:36+00:00\",\"dateModified\":\"2024-12-28T11:25:22+00:00\",\"breadcrumb\":{\"@id\":\"https:\/\/restaurantbarquet.com\/producte\/picades-identitat-de-la-cuina-catalana-david-sole-i-torne\/#breadcrumb\"},\"inLanguage\":\"es\",\"potentialAction\":[{\"@type\":\"ReadAction\",\"target\":[\"https:\/\/restaurantbarquet.com\/producte\/picades-identitat-de-la-cuina-catalana-david-sole-i-torne\/\"]}]},{\"@type\":\"ImageObject\",\"inLanguage\":\"es\",\"@id\":\"https:\/\/restaurantbarquet.com\/producte\/picades-identitat-de-la-cuina-catalana-david-sole-i-torne\/#primaryimage\",\"url\":\"https:\/\/restaurantbarquet.com\/wp-content\/uploads\/2024\/11\/llibre-picades-la-identitat-de-la-cuina-catalana.jpg\",\"contentUrl\":\"https:\/\/restaurantbarquet.com\/wp-content\/uploads\/2024\/11\/llibre-picades-la-identitat-de-la-cuina-catalana.jpg\",\"width\":1024,\"height\":1024},{\"@type\":\"BreadcrumbList\",\"@id\":\"https:\/\/restaurantbarquet.com\/producte\/picades-identitat-de-la-cuina-catalana-david-sole-i-torne\/#breadcrumb\",\"itemListElement\":[{\"@type\":\"ListItem\",\"position\":1,\"name\":\"Inici\",\"item\":\"https:\/\/restaurantbarquet.com\/es\/\"},{\"@type\":\"ListItem\",\"position\":2,\"name\":\"Botiga\",\"item\":\"https:\/\/restaurantbarquet.com\/es\/botiga\/\"},{\"@type\":\"ListItem\",\"position\":3,\"name\":\"Picades: identitat de la cuina catalana | David Sol\u00e9 i Torn\u00e9\"}]},{\"@type\":\"WebSite\",\"@id\":\"https:\/\/restaurantbarquet.com\/#website\",\"url\":\"https:\/\/restaurantbarquet.com\/\",\"name\":\"Barquet Tarragona\",\"description\":\"Cuina tradicional de Tarragona\",\"potentialAction\":[{\"@type\":\"SearchAction\",\"target\":{\"@type\":\"EntryPoint\",\"urlTemplate\":\"https:\/\/restaurantbarquet.com\/?s={search_term_string}\"},\"query-input\":{\"@type\":\"PropertyValueSpecification\",\"valueRequired\":true,\"valueName\":\"search_term_string\"}}],\"inLanguage\":\"es\"}]}<\/script>\n<!-- \/ Yoast SEO plugin. -->","yoast_head_json":{"title":"Picades: identitat de la cuina catalana | David Sol\u00e9 i Torn\u00e9 - Barquet Tarragona","robots":{"index":"index","follow":"follow","max-snippet":"max-snippet:-1","max-image-preview":"max-image-preview:large","max-video-preview":"max-video-preview:-1"},"canonical":"https:\/\/restaurantbarquet.com\/producte\/picades-identitat-de-la-cuina-catalana-david-sole-i-torne\/","og_locale":"es_ES","og_type":"article","og_title":"Picades: identitat de la cuina catalana | David Sol\u00e9 i Torn\u00e9 - Barquet Tarragona","og_description":"Receptari que repassa aquest emblema de la Cuina Catalana a trav\u00e9s de la hist\u00f2ria. Un llistat que mostra i analitza el petit univers que pot modificar una preparaci\u00f3 sencera, capa\u00e7 de vestir-la i complementar-la per atorgar-li una personalitat pr\u00f2pia.  Compra\u2019l ara, i recull-lo al nostre restaurant, personalitzat amb la seva dedicat\u00f2ria per a qui vulgueu.","og_url":"https:\/\/restaurantbarquet.com\/producte\/picades-identitat-de-la-cuina-catalana-david-sole-i-torne\/","og_site_name":"Barquet Tarragona","article_publisher":"https:\/\/www.facebook.com\/barquet.tarragona","article_modified_time":"2024-12-28T11:25:22+00:00","og_image":[{"width":1024,"height":1024,"url":"https:\/\/restaurantbarquet.com\/wp-content\/uploads\/2024\/11\/llibre-picades-la-identitat-de-la-cuina-catalana.jpg","type":"image\/jpeg"}],"twitter_card":"summary_large_image","schema":{"@context":"https:\/\/schema.org","@graph":[{"@type":"WebPage","@id":"https:\/\/restaurantbarquet.com\/producte\/picades-identitat-de-la-cuina-catalana-david-sole-i-torne\/","url":"https:\/\/restaurantbarquet.com\/producte\/picades-identitat-de-la-cuina-catalana-david-sole-i-torne\/","name":"Picades: identitat de la cuina catalana | David Sol\u00e9 i Torn\u00e9 - Barquet Tarragona","isPartOf":{"@id":"https:\/\/restaurantbarquet.com\/#website"},"primaryImageOfPage":{"@id":"https:\/\/restaurantbarquet.com\/producte\/picades-identitat-de-la-cuina-catalana-david-sole-i-torne\/#primaryimage"},"image":{"@id":"https:\/\/restaurantbarquet.com\/producte\/picades-identitat-de-la-cuina-catalana-david-sole-i-torne\/#primaryimage"},"thumbnailUrl":"https:\/\/restaurantbarquet.com\/wp-content\/uploads\/2024\/11\/llibre-picades-la-identitat-de-la-cuina-catalana.jpg","datePublished":"2024-11-26T11:07:36+00:00","dateModified":"2024-12-28T11:25:22+00:00","breadcrumb":{"@id":"https:\/\/restaurantbarquet.com\/producte\/picades-identitat-de-la-cuina-catalana-david-sole-i-torne\/#breadcrumb"},"inLanguage":"es","potentialAction":[{"@type":"ReadAction","target":["https:\/\/restaurantbarquet.com\/producte\/picades-identitat-de-la-cuina-catalana-david-sole-i-torne\/"]}]},{"@type":"ImageObject","inLanguage":"es","@id":"https:\/\/restaurantbarquet.com\/producte\/picades-identitat-de-la-cuina-catalana-david-sole-i-torne\/#primaryimage","url":"https:\/\/restaurantbarquet.com\/wp-content\/uploads\/2024\/11\/llibre-picades-la-identitat-de-la-cuina-catalana.jpg","contentUrl":"https:\/\/restaurantbarquet.com\/wp-content\/uploads\/2024\/11\/llibre-picades-la-identitat-de-la-cuina-catalana.jpg","width":1024,"height":1024},{"@type":"BreadcrumbList","@id":"https:\/\/restaurantbarquet.com\/producte\/picades-identitat-de-la-cuina-catalana-david-sole-i-torne\/#breadcrumb","itemListElement":[{"@type":"ListItem","position":1,"name":"Inici","item":"https:\/\/restaurantbarquet.com\/es\/"},{"@type":"ListItem","position":2,"name":"Botiga","item":"https:\/\/restaurantbarquet.com\/es\/botiga\/"},{"@type":"ListItem","position":3,"name":"Picades: identitat de la cuina catalana | David Sol\u00e9 i Torn\u00e9"}]},{"@type":"WebSite","@id":"https:\/\/restaurantbarquet.com\/#website","url":"https:\/\/restaurantbarquet.com\/","name":"Barquet Tarragona","description":"Cuina tradicional de Tarragona","potentialAction":[{"@type":"SearchAction","target":{"@type":"EntryPoint","urlTemplate":"https:\/\/restaurantbarquet.com\/?s={search_term_string}"},"query-input":{"@type":"PropertyValueSpecification","valueRequired":true,"valueName":"search_term_string"}}],"inLanguage":"es"}]}},"jetpack_sharing_enabled":true,"_links":{"self":[{"href":"https:\/\/restaurantbarquet.com\/es\/wp-json\/wp\/v2\/product\/1698","targetHints":{"allow":["GET"]}}],"collection":[{"href":"https:\/\/restaurantbarquet.com\/es\/wp-json\/wp\/v2\/product"}],"about":[{"href":"https:\/\/restaurantbarquet.com\/es\/wp-json\/wp\/v2\/types\/product"}],"replies":[{"embeddable":true,"href":"https:\/\/restaurantbarquet.com\/es\/wp-json\/wp\/v2\/comments?post=1698"}],"wp:featuredmedia":[{"embeddable":true,"href":"https:\/\/restaurantbarquet.com\/es\/wp-json\/wp\/v2\/media\/1664"}],"wp:attachment":[{"href":"https:\/\/restaurantbarquet.com\/es\/wp-json\/wp\/v2\/media?parent=1698"}],"wp:term":[{"taxonomy":"product_brand","embeddable":true,"href":"https:\/\/restaurantbarquet.com\/es\/wp-json\/wp\/v2\/product_brand?post=1698"},{"taxonomy":"product_cat","embeddable":true,"href":"https:\/\/restaurantbarquet.com\/es\/wp-json\/wp\/v2\/product_cat?post=1698"},{"taxonomy":"product_tag","embeddable":true,"href":"https:\/\/restaurantbarquet.com\/es\/wp-json\/wp\/v2\/product_tag?post=1698"}],"curies":[{"name":"wp","href":"https:\/\/api.w.org\/{rel}","templated":true}]}}